{"id":6190,"date":"2016-03-22T10:33:19","date_gmt":"2016-03-22T09:33:19","guid":{"rendered":"http:\/\/votex.com\/fr\/?page_id=6190"},"modified":"2017-05-23T09:43:15","modified_gmt":"2017-05-23T07:43:15","slug":"login-votexnet","status":"publish","type":"page","link":"https:\/\/votexnet.com\/fr\/login-votexnet\/","title":{"rendered":"Login votexnet"},"content":{"rendered":"<\/div><\/div><\/div><!-- close content main div --><\/div><\/div><div id='full_slider_1' class='avia-fullwidth-slider main_color avia-shadow   container_wrap sidebar_right'   ><div  data-size='featured'  data-lightbox_size='large'  data-animation='slide'  data-ids='8232'  data-video_counter='0'  data-autoplay='false'  data-bg_slider='false'  data-slide_height=''  data-handle='av_slideshow_full'  data-interval='5'  data-class=' '  data-css_id=''  data-scroll_down=''  data-control_layout='av-control-default'  data-custom_markup=''  data-perma_caption=''  data-autoplay_stopper=''  data-image_attachment=''  data-min_height='0px'  data-src=''  data-position='top left'  data-repeat='no-repeat'  data-attach='scroll'  data-stretch=''  data-default-height='28.666666666667'  class='avia-slideshow avia-slideshow-1  av-control-default av-default-height-applied avia-slideshow-featured av_slideshow_full   avia-slide-slider '  itemscope=\"itemscope\" itemtype=\"https:\/\/schema.org\/ImageObject\" ><ul class='avia-slideshow-inner' style='padding-bottom: 28.666666666667%;'><li  class=' av-single-slide slide-1 ' ><div data-rel='slideshow-1' class='avia-slide-wrap'  ><img src='https:\/\/votexnet.com\/wp-content\/uploads\/2016\/07\/votexnet-berm-sloot-1-1500x430.jpg' width='1500' height='430' title='votexnet-berm-sloot' alt=''  itemprop=\"thumbnailUrl\"   \/><\/div><\/li><\/ul><\/div><\/div>\n<div class=\"flex_column av_one_full  flex_column_div av-zero-column-padding first  \" style='border-radius:0px; '><section class=\"av_textblock_section\"  itemscope=\"itemscope\" itemtype=\"https:\/\/schema.org\/CreativeWork\" ><div class='avia_textblock '   itemprop=\"text\" ><h2><img loading=\"lazy\" decoding=\"async\" class=\"alignleft wp-image-2627\" src=\"https:\/\/votexnet.com\/wp-content\/uploads\/2016\/02\/votex.jpg\" alt=\"Votex\" width=\"34\" height=\"28\" \/><span style=\"color: #e40615;\">\u00a0FR<\/span>\u00a0|<strong> Login Votexnet<\/strong><\/h2>\n<\/div><\/section><br \/>\n<div  class='hr hr-default '><span class='hr-inner ' ><span class='hr-inner-style'><\/span><\/span><\/div><br \/>\n<section class=\"av_textblock_section\"  itemscope=\"itemscope\" itemtype=\"https:\/\/schema.org\/CreativeWork\" ><div class='avia_textblock '   itemprop=\"text\" ><h4><span style=\"color: #e40615;\">Votex dealer login<\/span><\/h4>\n<\/div><\/section><br \/>\n<section class=\"av_textblock_section\"  itemscope=\"itemscope\" itemtype=\"https:\/\/schema.org\/CreativeWork\" ><div class='avia_textblock '   itemprop=\"text\" ><p>Votex est un fabricant n\u00e9erlandais de machines qui sont utilis\u00e9es pour la gestion et l\u2019entretien des espaces verts, jardins et parcs. L\u2019entreprise a une longue histoire dans le domaine de la production et du d\u00e9veloppement de la plupart des machines sp\u00e9cialis\u00e9es qui sont utilis\u00e9es dans la plupart des situations d\u00e9licates. Les machines Votex sont des machines fiables. Elles sont d\u00e9velopp\u00e9es et fabriqu\u00e9es avec soin par des personnes enthousiastes et exp\u00e9riment\u00e9es qui connaissent leur m\u00e9tier. De plus, sont exclusivement utilis\u00e9s des mat\u00e9riaux durables et de haute qualit\u00e9; de m\u00eame seules des techniques qui ont fait leurs preuves en pratique sont employ\u00e9es.<\/p>\n<p>Dans son usine moderne et tr\u00e8s bien \u00e9quip\u00e9e d\u2019Enschede, Votex d\u00e9veloppe aussi des solutions sur mesure, centr\u00e9es sur chaque probl\u00e8me li\u00e9 \u00e0 l\u2019entretien. Avec les machines de Votex il est donc possible d\u2019entretenir chaque espace de mani\u00e8re durable.<\/p>\n<\/div><\/section><\/p><\/div><div style='height:100px' class='hr hr-invisible  '><span class='hr-inner ' ><span class='hr-inner-style'><\/span><\/span><\/div><\/p>\n","protected":false},"excerpt":{"rendered":"","protected":false},"author":213,"featured_media":0,"parent":0,"menu_order":2,"comment_status":"closed","ping_status":"closed","template":"","meta":{"footnotes":""},"class_list":["post-6190","page","type-page","status-publish","hentry"],"_links":{"self":[{"href":"https:\/\/votexnet.com\/fr\/wp-json\/wp\/v2\/pages\/6190\/"}],"collection":[{"href":"https:\/\/votexnet.com\/fr\/wp-json\/wp\/v2\/pages\/"}],"about":[{"href":"https:\/\/votexnet.com\/fr\/wp-json\/wp\/v2\/types\/page\/"}],"author":[{"embeddable":true,"href":"https:\/\/votexnet.com\/fr\/wp-json\/wp\/v2\/users\/213\/"}],"replies":[{"embeddable":true,"href":"https:\/\/votexnet.com\/fr\/wp-json\/wp\/v2\/comments\/?post=6190"}],"version-history":[{"count":11,"href":"https:\/\/votexnet.com\/fr\/wp-json\/wp\/v2\/pages\/6190\/revisions\/"}],"predecessor-version":[{"id":20769,"href":"https:\/\/votexnet.com\/fr\/wp-json\/wp\/v2\/pages\/6190\/revisions\/20769\/"}],"wp:attachment":[{"href":"https:\/\/votexnet.com\/fr\/wp-json\/wp\/v2\/media\/?parent=6190"}],"curies":[{"name":"wp","href":"https:\/\/api.w.org\/{rel}","templated":true}]}}