{"id":6049,"date":"2016-03-07T13:16:58","date_gmt":"2016-03-07T13:16:58","guid":{"rendered":"http:\/\/www.shipsatsea.nl\/votex\/fr\/?page_id=6049"},"modified":"2016-03-07T13:16:58","modified_gmt":"2016-03-07T13:16:58","slug":"privacy-policy","status":"publish","type":"page","link":"https:\/\/votexnet.com\/fr\/privacy-policy\/","title":{"rendered":"Privacy policy"},"content":{"rendered":"<div class=\"flex_column av_one_full  flex_column_div av-zero-column-padding first  \" style='border-radius:0px; '><div style='padding-bottom:30px;' class='av-special-heading av-special-heading-h2    '><h2 class='av-special-heading-tag'  itemprop=\"headline\"  >Privacy policy<\/h2><div class='special-heading-border'><div class='special-heading-inner-border' ><\/div><\/div><\/div><\/div>\n<div class='flex_column_table av-equal-height-column-flextable' ><div class=\"flex_column av_one_full  flex_column_table_cell av-equal-height-column av-align-top first  \" style='padding:0px 0px 0px 0px ; border-radius:0px; '><section class=\"av_textblock_section\"  itemscope=\"itemscope\" itemtype=\"https:\/\/schema.org\/CreativeWork\" ><div class='avia_textblock '   itemprop=\"text\" ><div id=\"c416\" class=\"csc-default\">\n<p><strong>Conditions de la Metaalunie<\/strong><\/p>\n<p><a class=\"download\" title=\"Initiates file download\" href=\"http:\/\/votex.com\/wp-content\/uploads\/2016\/03\/Metaalunievoorwaarden_2014_-_Frans_A4.pdf\" target=\"_blank\">Conditions g\u00e9n\u00e9rales<\/a> publi\u00e9es par la Koninklijke Metaalunie (Organisation n\u00e9erlandaises des entrepreneurs de petites et moyennes entreprises dans la m\u00e9tallurgie) et d\u00e9sign\u00e9es par CONDITIONS<\/p>\n<p>DE la METAALUNIE, d\u00e9pos\u00e9es au greffe du tribunal de Rotterdam le 1er janvier 2014.<\/p>\n<p>Publication de la Koninklijke Metaalunie, P.B. 2600, NL &#8211; 3430 GA Nieuwegein (Pays-Bas).<\/p>\n<p>\u00a9\u00a0Koninklijke Metaalunie<\/p>\n<\/div>\n<\/div><\/section><\/div><\/div><!--close column table wrapper. Autoclose:  --><div style='height:250px' class='hr hr-invisible  '><span class='hr-inner ' ><span class='hr-inner-style'><\/span><\/span><\/div><\/p>\n","protected":false},"excerpt":{"rendered":"","protected":false},"author":7,"featured_media":0,"parent":0,"menu_order":9,"comment_status":"closed","ping_status":"closed","template":"","meta":{"footnotes":""},"class_list":["post-6049","page","type-page","status-publish","hentry"],"_links":{"self":[{"href":"https:\/\/votexnet.com\/fr\/wp-json\/wp\/v2\/pages\/6049\/"}],"collection":[{"href":"https:\/\/votexnet.com\/fr\/wp-json\/wp\/v2\/pages\/"}],"about":[{"href":"https:\/\/votexnet.com\/fr\/wp-json\/wp\/v2\/types\/page\/"}],"author":[{"embeddable":true,"href":"https:\/\/votexnet.com\/fr\/wp-json\/wp\/v2\/users\/7\/"}],"replies":[{"embeddable":true,"href":"https:\/\/votexnet.com\/fr\/wp-json\/wp\/v2\/comments\/?post=6049"}],"version-history":[{"count":1,"href":"https:\/\/votexnet.com\/fr\/wp-json\/wp\/v2\/pages\/6049\/revisions\/"}],"predecessor-version":[{"id":6050,"href":"https:\/\/votexnet.com\/fr\/wp-json\/wp\/v2\/pages\/6049\/revisions\/6050\/"}],"wp:attachment":[{"href":"https:\/\/votexnet.com\/fr\/wp-json\/wp\/v2\/media\/?parent=6049"}],"curies":[{"name":"wp","href":"https:\/\/api.w.org\/{rel}","templated":true}]}}