{"id":5938,"date":"2016-02-29T14:35:42","date_gmt":"2016-02-29T14:35:42","guid":{"rendered":"http:\/\/www.shipsatsea.nl\/votex\/fr\/?page_id=5938"},"modified":"2016-03-02T12:52:57","modified_gmt":"2016-03-02T12:52:57","slug":"votex-mission-et-vision","status":"publish","type":"page","link":"https:\/\/votexnet.com\/fr\/votex-mission-et-vision\/","title":{"rendered":"Votex-mission et vision"},"content":{"rendered":"<\/div><\/div><\/div><!-- close content main div --><\/div><\/div><div id='full_slider_1' class='avia-fullwidth-slider main_color avia-shadow   container_wrap sidebar_right'   ><div  data-size='no scaling'  data-lightbox_size='large'  data-animation='slide'  data-ids='5954'  data-video_counter='0'  data-autoplay='false'  data-bg_slider='false'  data-slide_height=''  data-handle='av_slideshow_full'  data-interval='5'  data-class=' '  data-css_id=''  data-scroll_down=''  data-control_layout='av-control-default'  data-custom_markup=''  data-perma_caption=''  data-autoplay_stopper=''  data-image_attachment=''  data-min_height='0px'  data-src=''  data-position='top left'  data-repeat='no-repeat'  data-attach='scroll'  data-stretch=''  class='avia-slideshow avia-slideshow-1  av-control-default av-default-height-applied avia-slideshow-no scaling av_slideshow_full   avia-slide-slider '  itemscope=\"itemscope\" itemtype=\"https:\/\/schema.org\/ImageObject\" ><ul class='avia-slideshow-inner' style='padding-bottom: 20.833333333333%;'><li  class=' av-single-slide slide-1 ' ><div data-rel='slideshow-1' class='avia-slide-wrap'  ><img src='https:\/\/votexnet.com\/wp-content\/uploads\/2016\/02\/votex-missie-visie-1.jpg' width='1920' height='400' title='Votex' alt='Votex'  itemprop=\"thumbnailUrl\"   \/><\/div><\/li><\/ul><\/div><\/div>\n<div style='height:20px' class='hr hr-invisible  '><span class='hr-inner ' ><span class='hr-inner-style'><\/span><\/span><\/div>\n<div class=\"flex_column av_one_full  flex_column_div av-zero-column-padding first  \" style='border-radius:0px; '><div style='padding-bottom:30px;' class='av-special-heading av-special-heading-h2    '><h2 class='av-special-heading-tag'  itemprop=\"headline\"  >Votex mission et vision<\/h2><div class='special-heading-border'><div class='special-heading-inner-border' ><\/div><\/div><\/div><\/div>\n<div style='height:50px' class='hr hr-invisible  '><span class='hr-inner ' ><span class='hr-inner-style'><\/span><\/span><\/div>\n<div class='flex_column_table av-equal-height-column-flextable' ><div class=\"flex_column av_one_half  flex_column_table_cell av-equal-height-column av-align-top first  \" style='padding:0px 0px 0px 0px ; border-radius:0px; '><section class=\"av_textblock_section\"  itemscope=\"itemscope\" itemtype=\"https:\/\/schema.org\/CreativeWork\" ><div class='avia_textblock '   itemprop=\"text\" ><h4><strong>Votex mission<\/strong><\/h4>\n<p>Votex construit depuis 1922 des machines qui permettent aux professionnels locaux et \u00e0 l\u2019\u00e9tranger d\u2019obtenir les meilleurs r\u00e9sultats. Les machines de Votex sont en service dans plus de 25 pays.<\/p>\n<p>Votex aspire \u00e0 la simplicit\u00e9 et \u00e0 la solidit\u00e9 des machines qui gr\u00e2ce \u00e0 l\u2019utilisation de mat\u00e9riaux de grande qualit\u00e9 garantissent une longue dur\u00e9e de vie exempte de probl\u00e8mes. De plus nous nous sommes fix\u00e9s comme objectif de nuire le moins possible \u00e0 l\u2019environnement. De cette mani\u00e8re nous faisons en sorte que vous obteniez les meilleurs r\u00e9sultats de mani\u00e8re durable. Aujourd\u2019hui, demain et apr\u00e8s-demain.<\/p>\n<\/div><\/section><\/div>\n<div class='av-flex-placeholder'><\/div><div class=\"flex_column av_one_half  flex_column_table_cell av-equal-height-column av-align-top   \" style='padding:0px 0px 0px 0px ; border-radius:0px; '><section class=\"av_textblock_section\"  itemscope=\"itemscope\" itemtype=\"https:\/\/schema.org\/CreativeWork\" ><div class='avia_textblock '   itemprop=\"text\" ><h4><strong>Votex vision<\/strong><\/h4>\n<p>Votex fabrique des machines en pensant au futur et l\u2019id\u00e9e fondamentale en est toujours de faire le travail de mani\u00e8re s\u00fbre, efficace et durable.C\u2019est pourquoi Votex est constamment occup\u00e9 \u00e0 am\u00e9liorer les machines. Votex est continuellement \u00e0 la recherche de nouvelles techiniques et de nouveaux mat\u00e9riaux de fa\u00e7on \u00e0 obtenir les meilleurs r\u00e9sultats avec le minimum de contraintes. Dans notre vision des choses ceci est la seule mani\u00e8re de garantir la continuit\u00e9 du succ\u00e8s \u00e0 nos clients.<\/p>\n<\/div><\/section><\/div><\/div><!--close column table wrapper. Autoclose:  -->\n<div style='height:50px' class='hr hr-invisible '><span class='hr-inner ' ><span class='hr-inner-style'><\/span><\/span><\/div>\n","protected":false},"excerpt":{"rendered":"","protected":false},"author":7,"featured_media":0,"parent":0,"menu_order":9,"comment_status":"closed","ping_status":"closed","template":"","meta":{"footnotes":""},"class_list":["post-5938","page","type-page","status-publish","hentry"],"_links":{"self":[{"href":"https:\/\/votexnet.com\/fr\/wp-json\/wp\/v2\/pages\/5938\/"}],"collection":[{"href":"https:\/\/votexnet.com\/fr\/wp-json\/wp\/v2\/pages\/"}],"about":[{"href":"https:\/\/votexnet.com\/fr\/wp-json\/wp\/v2\/types\/page\/"}],"author":[{"embeddable":true,"href":"https:\/\/votexnet.com\/fr\/wp-json\/wp\/v2\/users\/7\/"}],"replies":[{"embeddable":true,"href":"https:\/\/votexnet.com\/fr\/wp-json\/wp\/v2\/comments\/?post=5938"}],"version-history":[{"count":2,"href":"https:\/\/votexnet.com\/fr\/wp-json\/wp\/v2\/pages\/5938\/revisions\/"}],"predecessor-version":[{"id":5960,"href":"https:\/\/votexnet.com\/fr\/wp-json\/wp\/v2\/pages\/5938\/revisions\/5960\/"}],"wp:attachment":[{"href":"https:\/\/votexnet.com\/fr\/wp-json\/wp\/v2\/media\/?parent=5938"}],"curies":[{"name":"wp","href":"https:\/\/api.w.org\/{rel}","templated":true}]}}