{"id":6200,"date":"2016-03-22T10:47:19","date_gmt":"2016-03-22T09:47:19","guid":{"rendered":"http:\/\/votex.com\/de\/?page_id=6200"},"modified":"2019-01-10T16:59:42","modified_gmt":"2019-01-10T15:59:42","slug":"login-votexnet","status":"publish","type":"page","link":"https:\/\/votexnet.com\/de\/login-votexnet\/","title":{"rendered":"Login VotexNet"},"content":{"rendered":"<\/div><\/div><\/div><!-- close content main div --><\/div><\/div><div id='full_slider_1' class='avia-fullwidth-slider main_color avia-shadow   container_wrap sidebar_right'   ><div  data-size='featured'  data-lightbox_size='large'  data-animation='slide'  data-ids='8232'  data-video_counter='0'  data-autoplay='false'  data-bg_slider='false'  data-slide_height=''  data-handle='av_slideshow_full'  data-interval='5'  data-class=' '  data-css_id=''  data-scroll_down=''  data-control_layout='av-control-default'  data-custom_markup=''  data-perma_caption=''  data-autoplay_stopper=''  data-image_attachment=''  data-min_height='0px'  data-src=''  data-position='top left'  data-repeat='no-repeat'  data-attach='scroll'  data-stretch=''  data-default-height='28.666666666667'  class='avia-slideshow avia-slideshow-1  av-control-default av-default-height-applied avia-slideshow-featured av_slideshow_full   avia-slide-slider '  itemscope=\"itemscope\" itemtype=\"https:\/\/schema.org\/ImageObject\" ><ul class='avia-slideshow-inner' style='padding-bottom: 28.666666666667%;'><li  class=' av-single-slide slide-1 ' ><div data-rel='slideshow-1' class='avia-slide-wrap'  ><img src='https:\/\/votexnet.com\/wp-content\/uploads\/2016\/07\/votexnet-berm-sloot-1-1500x430.jpg' width='1500' height='430' title='votexnet-berm-sloot' alt=''  itemprop=\"thumbnailUrl\"   \/><\/div><\/li><\/ul><\/div><\/div>\n<div class=\"flex_column av_one_full  flex_column_div av-zero-column-padding first  \" style='border-radius:0px; '><section class=\"av_textblock_section\"  itemscope=\"itemscope\" itemtype=\"https:\/\/schema.org\/CreativeWork\" ><div class='avia_textblock '   itemprop=\"text\" ><h2><img loading=\"lazy\" decoding=\"async\" class=\"alignleft wp-image-2627\" src=\"https:\/\/votexnet.com\/wp-content\/uploads\/2016\/02\/votex.jpg\" alt=\"Votex\" width=\"34\" height=\"28\" \/><span style=\"color: #e40615;\">\u00a0DE<\/span>|<strong> Login VotexNet<\/strong><\/h2>\n<\/div><\/section><br \/>\n<div  class='hr hr-default '><span class='hr-inner ' ><span class='hr-inner-style'><\/span><\/span><\/div><br \/>\n<section class=\"av_textblock_section\"  itemscope=\"itemscope\" itemtype=\"https:\/\/schema.org\/CreativeWork\" ><div class='avia_textblock '   itemprop=\"text\" ><h4><span style=\"color: #e40615;\">Votex H\u00e4ndler login<\/span><\/h4>\n<\/div><\/section><br \/>\n<section class=\"av_textblock_section\"  itemscope=\"itemscope\" itemtype=\"https:\/\/schema.org\/CreativeWork\" ><div class='avia_textblock '   itemprop=\"text\" ><p>Votexnet ist ein gesch\u00fctzter Bereich auf der Votex-Website. Auf dieser Website finden Sie die neuesten kommerziellen und technischen Informationen \u00fcber unsere Maschinen, Teile, Verfahren und unser Unternehmen.<\/p>\n<p>F\u00fcr Votexnet ben\u00f6tigen Sie einen Login-Namen und ein Passwort. Wenn Sie noch kein Login haben, k\u00f6nnen wir es erstellen. Um dies zu tun, m\u00fcssen Sie eine E-Mail senden, in der Sie uns die folgenden Informationen geben k\u00f6nnen:<\/p>\n<ul>\n<li>Vorname und Nachname<\/li>\n<li>E-Mail-Adresse<\/li>\n<li>Ihre Funktion<\/li>\n<\/ul>\n<p>Dann w\u00fcrden wir gerne wissen, auf welche Informationen Sie zugreifen m\u00f6chten. F\u00fcr Votexnet k\u00f6nnen Sie sich f\u00fcr folgende Gruppen anmelden:<\/p>\n<ul>\n<li>Verkauf und Marketing<\/li>\n<li>Service, Ersatzteile und Garantie<\/li>\n<\/ul>\n<p>Nach der Annahme werden wir die Rechte gew\u00e4hren. Folgen Sie auf Social Media. So sind Sie immer auf dem aktuellen Stand bez\u00fcglich Neugikeiten und Aktionen.<\/p>\n<\/div><\/section><br \/>\n<div class='avia-button-wrap avia-button-center  '><a href='https:\/\/votexnet.com\/de\/kontakt\/' class='avia-button  avia-icon_select-no avia-color-custom avia-size-medium avia-position-center '  style='background-color:#e40615; border-color:#e40615; color:#000000; ' ><span class='avia_iconbox_title' >Kontakt<\/span><\/a><\/div><\/p><\/div><div style='height:100px' class='hr hr-invisible  '><span class='hr-inner ' ><span class='hr-inner-style'><\/span><\/span><\/div><\/p>\n","protected":false},"excerpt":{"rendered":"","protected":false},"author":213,"featured_media":0,"parent":0,"menu_order":2,"comment_status":"closed","ping_status":"closed","template":"","meta":{"footnotes":""},"class_list":["post-6200","page","type-page","status-publish","hentry"],"_links":{"self":[{"href":"https:\/\/votexnet.com\/de\/wp-json\/wp\/v2\/pages\/6200\/"}],"collection":[{"href":"https:\/\/votexnet.com\/de\/wp-json\/wp\/v2\/pages\/"}],"about":[{"href":"https:\/\/votexnet.com\/de\/wp-json\/wp\/v2\/types\/page\/"}],"author":[{"embeddable":true,"href":"https:\/\/votexnet.com\/de\/wp-json\/wp\/v2\/users\/213\/"}],"replies":[{"embeddable":true,"href":"https:\/\/votexnet.com\/de\/wp-json\/wp\/v2\/comments\/?post=6200"}],"version-history":[{"count":11,"href":"https:\/\/votexnet.com\/de\/wp-json\/wp\/v2\/pages\/6200\/revisions\/"}],"predecessor-version":[{"id":22681,"href":"https:\/\/votexnet.com\/de\/wp-json\/wp\/v2\/pages\/6200\/revisions\/22681\/"}],"wp:attachment":[{"href":"https:\/\/votexnet.com\/de\/wp-json\/wp\/v2\/media\/?parent=6200"}],"curies":[{"name":"wp","href":"https:\/\/api.w.org\/{rel}","templated":true}]}}