{"id":3464,"date":"2016-02-11T14:33:36","date_gmt":"2016-02-11T14:33:36","guid":{"rendered":"http:\/\/www.shipsatsea.nl\/votex\/de\/?page_id=3464"},"modified":"2016-03-11T13:10:23","modified_gmt":"2016-03-11T13:10:23","slug":"the-power-to-perform","status":"publish","type":"page","link":"https:\/\/votexnet.com\/de\/","title":{"rendered":"the power to perform"},"content":{"rendered":"<div class=\"flex_column av_one_full  flex_column_div first  \" style='padding:0px 0px 30px 0px ; border-radius:0px; '><div class='avia-image-container  av-styling-no-styling    avia-align-center '  itemscope=\"itemscope\" itemtype=\"https:\/\/schema.org\/ImageObject\"  ><div class='avia-image-container-inner'><img class='avia_image ' src='https:\/\/votexnet.com\/wp-content\/uploads\/2016\/02\/votex-cover-1.jpg' alt='Votex' title='Votex'   itemprop=\"thumbnailUrl\"  \/><\/div><\/div><\/div><section class=\"av_textblock_section\"  itemscope=\"itemscope\" itemtype=\"https:\/\/schema.org\/CreativeWork\" ><div class='avia_textblock '   itemprop=\"text\" ><h1>Votex | The power to perform<\/h1>\n<\/div><\/section><\/p>\n<div class='flex_column_table av-equal-height-column-flextable' ><div class=\"flex_column av_one_full  flex_column_table_cell av-equal-height-column av-align-top first  \" style='padding:0px 0px 0px 0px ; border-radius:0px; '><section class=\"avia_codeblock_section avia_code_block_0\"  itemscope=\"itemscope\" itemtype=\"https:\/\/schema.org\/CreativeWork\" ><div class='avia_codeblock '  itemprop=\"text\" > [avia_codeblock_placeholder uid=\"0\"] <\/div><\/section><\/div><\/div><!--close column table wrapper. Autoclose:  -->\n<div style=' margin-top:30px; margin-bottom:0px;'  class='hr hr-custom hr-center hr-icon-no '><span class='hr-inner   inner-border-av-border-thin' style=' width:102%; border-color:#939393;' ><span class='hr-inner-style'><\/span><\/span><\/div>\n<div class='flex_column_table av-equal-height-column-flextable' ><div class=\"flex_column av_one_third  flex_column_table_cell av-equal-height-column av-align-top av-zero-column-padding first  \" style='border-radius:0px; '><p><div style='padding-bottom:15px;' class='av-special-heading av-special-heading-h3  blockquote modern-quote  '><h3 class='av-special-heading-tag'  itemprop=\"headline\"  >B\u00d6SCHUNG <span class='special_amp'>&amp;<\/span> GRABEN<\/h3><div class='special-heading-border'><div class='special-heading-inner-border' ><\/div><\/div><\/div><br \/>\n<div class='avia-image-container  av-styling-no-styling  noHover  av-overlay-on-hover  avia-align-center '  itemscope=\"itemscope\" itemtype=\"https:\/\/schema.org\/ImageObject\"  ><div class='avia-image-container-inner'><div class='av-image-caption-overlay'><div class='av-caption-image-overlay-bg' style='opacity:0.4; background-color:#ffffff; '><\/div><div class='av-image-caption-overlay-position'><div class='av-image-caption-overlay-center' style='color:#ffffff; '><\/div><\/div><\/div><img class='avia_image ' src='https:\/\/votexnet.com\/wp-content\/uploads\/2016\/02\/Votex-zijklepelmaaier-Roadmaster-.jpg' alt='Votex,bermonderhoud,slootonderhoud,klepelmaaier,zijklepelmaaier,Roadmaster' title='Votex zijklepelmaaier Roadmaster'   itemprop=\"thumbnailUrl\"  \/><\/div><\/div><br \/>\n<div style='height:10px' class='hr hr-invisible '><span class='hr-inner ' ><span class='hr-inner-style'><\/span><\/span><\/div><br \/>\n<section class=\"av_textblock_section\"  itemscope=\"itemscope\" itemtype=\"https:\/\/schema.org\/CreativeWork\" ><div class='avia_textblock '  style='font-size:13px; '  itemprop=\"text\" ><p>F\u00fcr Stra<span style=\"font-family: Calibri;\">\u00df<\/span>enb\u00f6schungen und Grabenr\u00e4nder bietet Votex Mulchger\u00e4te, die sogar unter extremen M\u00e4hbedingungen noch problemlos arbeiten. Klicken Sie hier, um unser umfangreiches Angebot zu sehen.<\/p>\n<\/div><\/section><\/p><\/div>\n<div class='av-flex-placeholder'><\/div><div class=\"flex_column av_one_third  flex_column_table_cell av-equal-height-column av-align-top   \" style='padding:0px 0px 0px 0px ; border-radius:0px; '><p><div style='padding-bottom:15px;' class='av-special-heading av-special-heading-h3  blockquote modern-quote  '><h3 class='av-special-heading-tag'  itemprop=\"headline\"  >GARTEN <span class='special_amp'>&amp;<\/span> LANDSCHAFT<\/h3><div class='special-heading-border'><div class='special-heading-inner-border' ><\/div><\/div><\/div><br \/>\n<div class='avia-image-container  av-styling-no-styling  noHover  av-overlay-on-hover  avia-align-center '  itemscope=\"itemscope\" itemtype=\"https:\/\/schema.org\/ImageObject\"  ><div class='avia-image-container-inner'><div class='av-image-caption-overlay'><div class='av-caption-image-overlay-bg' style='opacity:0.4; background-color:#ffffff; '><\/div><div class='av-image-caption-overlay-position'><div class='av-image-caption-overlay-center' style='color:#ffffff; '><\/div><\/div><\/div><img class='avia_image ' src='https:\/\/votexnet.com\/wp-content\/uploads\/2016\/02\/VT_450S_01_HQ.jpg' alt='Votex,tuinonderhoud,parkonderhoud, Zuigwagens' title='Votex VT450S zuigwagen'   itemprop=\"thumbnailUrl\"  \/><\/div><\/div><br \/>\n<div style='height:10px' class='hr hr-invisible '><span class='hr-inner ' ><span class='hr-inner-style'><\/span><\/span><\/div><br \/>\n<section class=\"av_textblock_section\"  itemscope=\"itemscope\" itemtype=\"https:\/\/schema.org\/CreativeWork\" ><div class='avia_textblock '  style='font-size:13px; '  itemprop=\"text\" ><p>F\u00fcr Gr\u00fcnanlagen, Sportfelder, Golfpl\u00e4tze und Erholungsfl\u00e4chen hat Votex Blasger\u00e4te, Saugger\u00e4te und Saugwagen in ihrem Programm. Entdecken Sie die M\u00f6glichkeiten.<\/p>\n<\/div><\/section><\/p><\/div>\n<div class='av-flex-placeholder'><\/div><div class=\"flex_column av_one_third  flex_column_table_cell av-equal-height-column av-align-top av-zero-column-padding   \" style='border-radius:0px; '><p><div style='padding-bottom:15px;' class='av-special-heading av-special-heading-h3  blockquote modern-quote  '><h3 class='av-special-heading-tag'  itemprop=\"headline\"  >LANDWIRTSCHAFT<\/h3><div class='special-heading-border'><div class='special-heading-inner-border' ><\/div><\/div><\/div><br \/>\n<div class='avia-image-container  av-styling-no-styling  noHover  av-overlay-on-hover  avia-align-center '  itemscope=\"itemscope\" itemtype=\"https:\/\/schema.org\/ImageObject\"  ><div class='avia-image-container-inner'><div class='av-image-caption-overlay'><div class='av-caption-image-overlay-bg' style='opacity:0.4; background-color:#ffffff; '><\/div><div class='av-image-caption-overlay-position'><div class='av-image-caption-overlay-center' style='color:#ffffff; '><\/div><\/div><\/div><img class='avia_image ' src='https:\/\/votexnet.com\/wp-content\/uploads\/2016\/02\/Votex-versnipperaar-GU_HQ.jpg' alt='Votex,Landbouw,Tuinbouw,Versnipperaar' title='Votex versnipperaar GU'   itemprop=\"thumbnailUrl\"  \/><\/div><\/div><br \/>\n<div style='height:10px' class='hr hr-invisible '><span class='hr-inner ' ><span class='hr-inner-style'><\/span><\/span><\/div><br \/>\n<section class=\"av_textblock_section\"  itemscope=\"itemscope\" itemtype=\"https:\/\/schema.org\/CreativeWork\" ><div class='avia_textblock '  style='font-size:13px; '  itemprop=\"text\" ><p>Votex baut schon seit Jahrzehnten hochwertige Maschinen f\u00fcr den Landwirtschaft. Beim Entwurf der Maschinen hat sich Votex immer f\u00fcr h\u00f6chste Qualit\u00e4t entschieden. Siehe unsere Maschinen hier.<\/p>\n<\/div><\/section><\/p><\/div><\/div><!--close column table wrapper. Autoclose:  -->\n<div style='height:50px' class='hr hr-invisible '><span class='hr-inner ' ><span class='hr-inner-style'><\/span><\/span><\/div>\n","protected":false},"excerpt":{"rendered":"","protected":false},"author":7,"featured_media":0,"parent":0,"menu_order":3,"comment_status":"closed","ping_status":"closed","template":"","meta":{"footnotes":""},"class_list":["post-3464","page","type-page","status-publish","hentry"],"_links":{"self":[{"href":"https:\/\/votexnet.com\/de\/wp-json\/wp\/v2\/pages\/3464\/"}],"collection":[{"href":"https:\/\/votexnet.com\/de\/wp-json\/wp\/v2\/pages\/"}],"about":[{"href":"https:\/\/votexnet.com\/de\/wp-json\/wp\/v2\/types\/page\/"}],"author":[{"embeddable":true,"href":"https:\/\/votexnet.com\/de\/wp-json\/wp\/v2\/users\/7\/"}],"replies":[{"embeddable":true,"href":"https:\/\/votexnet.com\/de\/wp-json\/wp\/v2\/comments\/?post=3464"}],"version-history":[{"count":3,"href":"https:\/\/votexnet.com\/de\/wp-json\/wp\/v2\/pages\/3464\/revisions\/"}],"predecessor-version":[{"id":3616,"href":"https:\/\/votexnet.com\/de\/wp-json\/wp\/v2\/pages\/3464\/revisions\/3616\/"}],"wp:attachment":[{"href":"https:\/\/votexnet.com\/de\/wp-json\/wp\/v2\/media\/?parent=3464"}],"curies":[{"name":"wp","href":"https:\/\/api.w.org\/{rel}","templated":true}]}}